{"id":377,"date":"2023-06-26T15:22:33","date_gmt":"2023-06-26T13:22:33","guid":{"rendered":"https:\/\/psychologue-aunaysurodon.fr\/?page_id=377"},"modified":"2025-06-06T10:07:39","modified_gmt":"2025-06-06T08:07:39","slug":"contact","status":"publish","type":"page","link":"https:\/\/psychologue-aunaysurodon.fr\/index.php\/contact\/","title":{"rendered":"Contact"},"content":{"rendered":"\n<p class=\"has-text-align-center\">Vous pouvez prendre rendez-vous directement en ligne via le site Perfactive (lien ci-dessous).<\/p>\n\n\n\n<a href=\"https:\/\/perfactive.fr\/florine-lebourgeois\/book\" style=\"display:block;text-align:center;background-color: #0073ff;color:#ffffff;overflow:hidden;width:200px;height: 50px;position:fixed;font-size: 25px;font-weight: bold;bottom: 18px;right: 22px;z-index:1000;border-radius: 40px;line-height:40px;box-shadow: rgb(0 0 0 \/ 30%) 0 4px 6px;text-decoration: none;\" target=\"_blank\" data-reactroot=\"\" rel=\"noopener\"><span style=\"font-size:13px;\">Prendre RDV en ligne<\/span><\/a>\n\n\n\n<p class=\"has-text-align-center\">Si vous le souhaitez, n\u2019h\u00e9sitez pas \u00e0 m\u2019appeler pour un premier contact t\u00e9l\u00e9phonique ou \u00e0 m\u2019envoyer un message ou un mail. Je vous r\u00e9pondrai dans les meilleurs d\u00e9lais.<\/p>\n\n\n\n<p class=\"has-text-align-center\"><strong>07 49 06 14 46<\/strong><\/p>\n\n\n\n<p class=\"has-text-align-center\"><strong>contact@psychologue-aunaysurodon.fr<\/strong><\/p>\n\n\n\n<div style=\"height:57px\" aria-hidden=\"true\" class=\"wp-block-spacer\"><\/div>\n\n\n\n<div class=\"wp-block-columns is-layout-flex wp-container-core-columns-is-layout-9d6595d7 wp-block-columns-is-layout-flex\">\n<div class=\"wp-block-column is-layout-flow wp-block-column-is-layout-flow\" style=\"flex-basis:100%\">\n<div class=\"wp-block-columns is-layout-flex wp-container-core-columns-is-layout-9d6595d7 wp-block-columns-is-layout-flex\">\n<div class=\"wp-block-column is-layout-flow wp-block-column-is-layout-flow\">\n<p class=\"has-text-align-center\"><strong>12, place de l&rsquo;h\u00f4tel de ville<br>Aunay sur Odon<br>14260 Les Monts d\u2019Aunay<\/strong><\/p>\n<\/div>\n\n\n\n<div class=\"wp-block-column is-layout-flow wp-block-column-is-layout-flow\">\n<p class=\"has-text-align-center has-vivid-cyan-blue-color has-text-color\"><strong>\/!\\ L&rsquo;entr\u00e9e du cabinet se situe au 4, ruelle du Dr Tillaux \u00e0 l&rsquo;arri\u00e8re du b\u00e2timent <\/strong><\/p>\n\n\n\n<p class=\"has-text-align-center has-vivid-cyan-blue-color has-text-color\"><strong>(voir plan ci-dessous)<\/strong><\/p>\n<\/div>\n<\/div>\n<\/div>\n<\/div>\n\n\n\n<div style=\"height:57px\" aria-hidden=\"true\" class=\"wp-block-spacer\"><\/div>\n\n\n<div class=\"wp-block-image\">\n<figure class=\"aligncenter size-full is-resized\"><img data-recalc-dims=\"1\" loading=\"lazy\" decoding=\"async\" width=\"972\" height=\"515\" src=\"https:\/\/i0.wp.com\/psychologue-aunaysurodon.fr\/wp-content\/uploads\/2025\/06\/Capture-decran-2025-06-06-10.05.57.png?resize=972%2C515&#038;ssl=1\" alt=\"\" class=\"wp-image-662\" style=\"width:673px;height:470px\" srcset=\"https:\/\/i0.wp.com\/psychologue-aunaysurodon.fr\/wp-content\/uploads\/2025\/06\/Capture-decran-2025-06-06-10.05.57.png?w=972&amp;ssl=1 972w, https:\/\/i0.wp.com\/psychologue-aunaysurodon.fr\/wp-content\/uploads\/2025\/06\/Capture-decran-2025-06-06-10.05.57.png?resize=300%2C159&amp;ssl=1 300w, https:\/\/i0.wp.com\/psychologue-aunaysurodon.fr\/wp-content\/uploads\/2025\/06\/Capture-decran-2025-06-06-10.05.57.png?resize=768%2C407&amp;ssl=1 768w\" sizes=\"auto, (max-width: 972px) 100vw, 972px\" \/><\/figure>\n<\/div>\n\n\n<div style=\"height:100px\" aria-hidden=\"true\" class=\"wp-block-spacer\"><\/div>\n\n\n<div class=\"wp-block-jetpack-contact-form\"><a href=\"https:\/\/psychologue-aunaysurodon.fr\/index.php\/contact\/\" target=\"_blank\" rel=\"noopener noreferrer\">Soumettre un formulaire.<\/a><\/div>","protected":false},"excerpt":{"rendered":"<p>Vous pouvez prendre rendez-vous directement en ligne via le site Perfactive (lien ci-dessous). Prendre RDV en ligne Si vous le souhaitez, n\u2019h\u00e9sitez pas \u00e0 m\u2019appeler pour un premier contact t\u00e9l\u00e9phonique ou \u00e0 m\u2019envoyer un message ou un mail. Je vous r\u00e9pondrai dans les meilleurs d\u00e9lais. 07 49 06 14 46 contact@psychologue-aunaysurodon.fr 12, place de l&rsquo;h\u00f4tel&hellip; <br \/> <a class=\"read-more\" href=\"https:\/\/psychologue-aunaysurodon.fr\/index.php\/contact\/\">Lire la suite<\/a><\/p>\n","protected":false},"author":1,"featured_media":0,"parent":0,"menu_order":0,"comment_status":"closed","ping_status":"closed","template":"","meta":{"jetpack_post_was_ever_published":false,"footnotes":""},"class_list":["post-377","page","type-page","status-publish","hentry"],"yoast_head":"<!-- This site is optimized with the Yoast SEO plugin v24.8.1 - https:\/\/yoast.com\/wordpress\/plugins\/seo\/ -->\n<title>Contact - Psychologue<\/title>\n<meta name=\"description\" content=\"Prenez rendez-vous en ligne (Perfactive) ou contactez-moi par t\u00e9l\u00e9phone (appel ou sms) ou via le formulaire de contact.\" \/>\n<meta name=\"robots\" content=\"index, follow, max-snippet:-1, max-image-preview:large, max-video-preview:-1\" \/>\n<link rel=\"canonical\" href=\"https:\/\/psychologue-aunaysurodon.fr\/index.php\/contact\/\" \/>\n<meta property=\"og:locale\" content=\"fr_FR\" \/>\n<meta property=\"og:type\" content=\"article\" \/>\n<meta property=\"og:title\" content=\"Contact - Psychologue\" \/>\n<meta property=\"og:description\" content=\"Prenez rendez-vous en ligne (Perfactive) ou contactez-moi par t\u00e9l\u00e9phone (appel ou sms) ou via le formulaire de contact.\" \/>\n<meta property=\"og:url\" content=\"https:\/\/psychologue-aunaysurodon.fr\/index.php\/contact\/\" \/>\n<meta property=\"og:site_name\" content=\"Psychologue\" \/>\n<meta property=\"article:modified_time\" content=\"2025-06-06T08:07:39+00:00\" \/>\n<meta property=\"og:image\" content=\"https:\/\/psychologue-aunaysurodon.fr\/wp-content\/uploads\/2025\/06\/Capture-decran-2025-06-06-10.05.57.png\" \/>\n<meta name=\"twitter:card\" content=\"summary_large_image\" \/>\n<meta name=\"twitter:label1\" content=\"Dur\u00e9e de lecture estim\u00e9e\" \/>\n\t<meta name=\"twitter:data1\" content=\"1 minute\" \/>\n<script type=\"application\/ld+json\" class=\"yoast-schema-graph\">{\"@context\":\"https:\/\/schema.org\",\"@graph\":[{\"@type\":\"WebPage\",\"@id\":\"https:\/\/psychologue-aunaysurodon.fr\/index.php\/contact\/\",\"url\":\"https:\/\/psychologue-aunaysurodon.fr\/index.php\/contact\/\",\"name\":\"Contact - Psychologue\",\"isPartOf\":{\"@id\":\"https:\/\/psychologue-aunaysurodon.fr\/#website\"},\"primaryImageOfPage\":{\"@id\":\"https:\/\/psychologue-aunaysurodon.fr\/index.php\/contact\/#primaryimage\"},\"image\":{\"@id\":\"https:\/\/psychologue-aunaysurodon.fr\/index.php\/contact\/#primaryimage\"},\"thumbnailUrl\":\"https:\/\/psychologue-aunaysurodon.fr\/wp-content\/uploads\/2025\/06\/Capture-decran-2025-06-06-10.05.57.png\",\"datePublished\":\"2023-06-26T13:22:33+00:00\",\"dateModified\":\"2025-06-06T08:07:39+00:00\",\"description\":\"Prenez rendez-vous en ligne (Perfactive) ou contactez-moi par t\u00e9l\u00e9phone (appel ou sms) ou via le formulaire de contact.\",\"breadcrumb\":{\"@id\":\"https:\/\/psychologue-aunaysurodon.fr\/index.php\/contact\/#breadcrumb\"},\"inLanguage\":\"fr-FR\",\"potentialAction\":[{\"@type\":\"ReadAction\",\"target\":[\"https:\/\/psychologue-aunaysurodon.fr\/index.php\/contact\/\"]}]},{\"@type\":\"ImageObject\",\"inLanguage\":\"fr-FR\",\"@id\":\"https:\/\/psychologue-aunaysurodon.fr\/index.php\/contact\/#primaryimage\",\"url\":\"https:\/\/i0.wp.com\/psychologue-aunaysurodon.fr\/wp-content\/uploads\/2025\/06\/Capture-decran-2025-06-06-10.05.57.png?fit=972%2C515&ssl=1\",\"contentUrl\":\"https:\/\/i0.wp.com\/psychologue-aunaysurodon.fr\/wp-content\/uploads\/2025\/06\/Capture-decran-2025-06-06-10.05.57.png?fit=972%2C515&ssl=1\",\"width\":972,\"height\":515},{\"@type\":\"BreadcrumbList\",\"@id\":\"https:\/\/psychologue-aunaysurodon.fr\/index.php\/contact\/#breadcrumb\",\"itemListElement\":[{\"@type\":\"ListItem\",\"position\":1,\"name\":\"Bienvenue\",\"item\":\"https:\/\/psychologue-aunaysurodon.fr\/\"},{\"@type\":\"ListItem\",\"position\":2,\"name\":\"Contact\"}]},{\"@type\":\"WebSite\",\"@id\":\"https:\/\/psychologue-aunaysurodon.fr\/#website\",\"url\":\"https:\/\/psychologue-aunaysurodon.fr\/\",\"name\":\"psychologue-aunaysurodon\",\"description\":\"Florine Lebourgeois\",\"publisher\":{\"@id\":\"https:\/\/psychologue-aunaysurodon.fr\/#\/schema\/person\/78129a4cc65e6e357c7725291b8258f8\"},\"potentialAction\":[{\"@type\":\"SearchAction\",\"target\":{\"@type\":\"EntryPoint\",\"urlTemplate\":\"https:\/\/psychologue-aunaysurodon.fr\/?s={search_term_string}\"},\"query-input\":{\"@type\":\"PropertyValueSpecification\",\"valueRequired\":true,\"valueName\":\"search_term_string\"}}],\"inLanguage\":\"fr-FR\"},{\"@type\":[\"Person\",\"Organization\"],\"@id\":\"https:\/\/psychologue-aunaysurodon.fr\/#\/schema\/person\/78129a4cc65e6e357c7725291b8258f8\",\"name\":\"Florine Lebourgeois\",\"image\":{\"@type\":\"ImageObject\",\"inLanguage\":\"fr-FR\",\"@id\":\"https:\/\/psychologue-aunaysurodon.fr\/#\/schema\/person\/image\/\",\"url\":\"https:\/\/secure.gravatar.com\/avatar\/aaf0b12a78f5a879314f0a28c4bc4fda9bc7b324de51645bda5dc44aaff9043b?s=96&d=mm&r=g\",\"contentUrl\":\"https:\/\/secure.gravatar.com\/avatar\/aaf0b12a78f5a879314f0a28c4bc4fda9bc7b324de51645bda5dc44aaff9043b?s=96&d=mm&r=g\",\"caption\":\"Florine Lebourgeois\"},\"logo\":{\"@id\":\"https:\/\/psychologue-aunaysurodon.fr\/#\/schema\/person\/image\/\"},\"sameAs\":[\"http:\/\/psychologue-aunaysurodon.fr\"]}]}<\/script>\n<!-- \/ Yoast SEO plugin. -->","yoast_head_json":{"title":"Contact - Psychologue","description":"Prenez rendez-vous en ligne (Perfactive) ou contactez-moi par t\u00e9l\u00e9phone (appel ou sms) ou via le formulaire de contact.","robots":{"index":"index","follow":"follow","max-snippet":"max-snippet:-1","max-image-preview":"max-image-preview:large","max-video-preview":"max-video-preview:-1"},"canonical":"https:\/\/psychologue-aunaysurodon.fr\/index.php\/contact\/","og_locale":"fr_FR","og_type":"article","og_title":"Contact - Psychologue","og_description":"Prenez rendez-vous en ligne (Perfactive) ou contactez-moi par t\u00e9l\u00e9phone (appel ou sms) ou via le formulaire de contact.","og_url":"https:\/\/psychologue-aunaysurodon.fr\/index.php\/contact\/","og_site_name":"Psychologue","article_modified_time":"2025-06-06T08:07:39+00:00","og_image":[{"url":"https:\/\/psychologue-aunaysurodon.fr\/wp-content\/uploads\/2025\/06\/Capture-decran-2025-06-06-10.05.57.png","type":"","width":"","height":""}],"twitter_card":"summary_large_image","twitter_misc":{"Dur\u00e9e de lecture estim\u00e9e":"1 minute"},"schema":{"@context":"https:\/\/schema.org","@graph":[{"@type":"WebPage","@id":"https:\/\/psychologue-aunaysurodon.fr\/index.php\/contact\/","url":"https:\/\/psychologue-aunaysurodon.fr\/index.php\/contact\/","name":"Contact - Psychologue","isPartOf":{"@id":"https:\/\/psychologue-aunaysurodon.fr\/#website"},"primaryImageOfPage":{"@id":"https:\/\/psychologue-aunaysurodon.fr\/index.php\/contact\/#primaryimage"},"image":{"@id":"https:\/\/psychologue-aunaysurodon.fr\/index.php\/contact\/#primaryimage"},"thumbnailUrl":"https:\/\/psychologue-aunaysurodon.fr\/wp-content\/uploads\/2025\/06\/Capture-decran-2025-06-06-10.05.57.png","datePublished":"2023-06-26T13:22:33+00:00","dateModified":"2025-06-06T08:07:39+00:00","description":"Prenez rendez-vous en ligne (Perfactive) ou contactez-moi par t\u00e9l\u00e9phone (appel ou sms) ou via le formulaire de contact.","breadcrumb":{"@id":"https:\/\/psychologue-aunaysurodon.fr\/index.php\/contact\/#breadcrumb"},"inLanguage":"fr-FR","potentialAction":[{"@type":"ReadAction","target":["https:\/\/psychologue-aunaysurodon.fr\/index.php\/contact\/"]}]},{"@type":"ImageObject","inLanguage":"fr-FR","@id":"https:\/\/psychologue-aunaysurodon.fr\/index.php\/contact\/#primaryimage","url":"https:\/\/i0.wp.com\/psychologue-aunaysurodon.fr\/wp-content\/uploads\/2025\/06\/Capture-decran-2025-06-06-10.05.57.png?fit=972%2C515&ssl=1","contentUrl":"https:\/\/i0.wp.com\/psychologue-aunaysurodon.fr\/wp-content\/uploads\/2025\/06\/Capture-decran-2025-06-06-10.05.57.png?fit=972%2C515&ssl=1","width":972,"height":515},{"@type":"BreadcrumbList","@id":"https:\/\/psychologue-aunaysurodon.fr\/index.php\/contact\/#breadcrumb","itemListElement":[{"@type":"ListItem","position":1,"name":"Bienvenue","item":"https:\/\/psychologue-aunaysurodon.fr\/"},{"@type":"ListItem","position":2,"name":"Contact"}]},{"@type":"WebSite","@id":"https:\/\/psychologue-aunaysurodon.fr\/#website","url":"https:\/\/psychologue-aunaysurodon.fr\/","name":"psychologue-aunaysurodon","description":"Florine Lebourgeois","publisher":{"@id":"https:\/\/psychologue-aunaysurodon.fr\/#\/schema\/person\/78129a4cc65e6e357c7725291b8258f8"},"potentialAction":[{"@type":"SearchAction","target":{"@type":"EntryPoint","urlTemplate":"https:\/\/psychologue-aunaysurodon.fr\/?s={search_term_string}"},"query-input":{"@type":"PropertyValueSpecification","valueRequired":true,"valueName":"search_term_string"}}],"inLanguage":"fr-FR"},{"@type":["Person","Organization"],"@id":"https:\/\/psychologue-aunaysurodon.fr\/#\/schema\/person\/78129a4cc65e6e357c7725291b8258f8","name":"Florine Lebourgeois","image":{"@type":"ImageObject","inLanguage":"fr-FR","@id":"https:\/\/psychologue-aunaysurodon.fr\/#\/schema\/person\/image\/","url":"https:\/\/secure.gravatar.com\/avatar\/aaf0b12a78f5a879314f0a28c4bc4fda9bc7b324de51645bda5dc44aaff9043b?s=96&d=mm&r=g","contentUrl":"https:\/\/secure.gravatar.com\/avatar\/aaf0b12a78f5a879314f0a28c4bc4fda9bc7b324de51645bda5dc44aaff9043b?s=96&d=mm&r=g","caption":"Florine Lebourgeois"},"logo":{"@id":"https:\/\/psychologue-aunaysurodon.fr\/#\/schema\/person\/image\/"},"sameAs":["http:\/\/psychologue-aunaysurodon.fr"]}]}},"jetpack_sharing_enabled":true,"_links":{"self":[{"href":"https:\/\/psychologue-aunaysurodon.fr\/index.php\/wp-json\/wp\/v2\/pages\/377","targetHints":{"allow":["GET"]}}],"collection":[{"href":"https:\/\/psychologue-aunaysurodon.fr\/index.php\/wp-json\/wp\/v2\/pages"}],"about":[{"href":"https:\/\/psychologue-aunaysurodon.fr\/index.php\/wp-json\/wp\/v2\/types\/page"}],"author":[{"embeddable":true,"href":"https:\/\/psychologue-aunaysurodon.fr\/index.php\/wp-json\/wp\/v2\/users\/1"}],"replies":[{"embeddable":true,"href":"https:\/\/psychologue-aunaysurodon.fr\/index.php\/wp-json\/wp\/v2\/comments?post=377"}],"version-history":[{"count":8,"href":"https:\/\/psychologue-aunaysurodon.fr\/index.php\/wp-json\/wp\/v2\/pages\/377\/revisions"}],"predecessor-version":[{"id":663,"href":"https:\/\/psychologue-aunaysurodon.fr\/index.php\/wp-json\/wp\/v2\/pages\/377\/revisions\/663"}],"wp:attachment":[{"href":"https:\/\/psychologue-aunaysurodon.fr\/index.php\/wp-json\/wp\/v2\/media?parent=377"}],"curies":[{"name":"wp","href":"https:\/\/api.w.org\/{rel}","templated":true}]}}