{"id":369,"date":"2023-06-26T15:10:16","date_gmt":"2023-06-26T13:10:16","guid":{"rendered":"https:\/\/psychologue-aunaysurodon.fr\/?page_id=369"},"modified":"2024-12-09T15:02:32","modified_gmt":"2024-12-09T14:02:32","slug":"pour-qui-pour-quoi","status":"publish","type":"page","link":"https:\/\/psychologue-aunaysurodon.fr\/index.php\/pour-qui-pour-quoi\/","title":{"rendered":"Pour qui, pour quoi?"},"content":{"rendered":"\n<p class=\"has-text-align-center\">Avant tout sachez qu\u2019il n\u2019y a <strong>ni bonne ni mauvaise raison<\/strong> de venir rencontrer un.e psychologue. Tout un chacun peut avoir besoin, \u00e0 un moment ou un autre de sa vie, de venir \u00e9changer avec quelqu\u2019un de neutre sur sa situation de vie pr\u00e9sente, pass\u00e9e ou future. Cela permet d\u2019apporter une <strong>prise de recul<\/strong> via le regard distanci\u00e9 du professionnel. Mettre des mots sur les maux permet parfois rapidement de s\u2019en d\u00e9tacher, d\u2019autres fois cela n\u00e9cessite un travail th\u00e9rapeutique de plus long terme. <\/p>\n\n\n\n<div style=\"height:18px\" aria-hidden=\"true\" class=\"wp-block-spacer\"><\/div>\n\n\n\n<p class=\"has-text-align-center\"><strong>Chaque situation est \u00e0 regarder de mani\u00e8re singuli\u00e8re, il n\u2019y a pas de recette type et autant de pratiques diff\u00e9rentes que de psychologues. <\/strong><\/p>\n\n\n\n<div style=\"height:17px\" aria-hidden=\"true\" class=\"wp-block-spacer\"><\/div>\n\n\n\n<p>Il est important de vous \u00e9couter et de vous sentir libre de changer de professionnel si sa m\u00e9thodologie ne vous correspond pas. Le psychologue peut \u00e9galement de son c\u00f4t\u00e9 vous orienter vers un confr\u00e8re s\u2019il estime que vous avez besoin d\u2019une autre approche ou que sa pratique ne vous correspond pas. N\u2019y voyez pas un \u00e9chec mais plut\u00f4t une <strong>exp\u00e9rience<\/strong> qui, de toute fa\u00e7on, vous fera avancer sur le chemin th\u00e9rapeutique.&nbsp;<\/p>\n\n\n\n<div style=\"height:42px\" aria-hidden=\"true\" class=\"wp-block-spacer\"><\/div>\n\n\n\n<div class=\"wp-block-columns is-layout-flex wp-container-core-columns-is-layout-9d6595d7 wp-block-columns-is-layout-flex\">\n<div class=\"wp-block-column is-layout-flow wp-block-column-is-layout-flow\"><div class=\"wp-block-image\">\n<figure class=\"alignleft size-full is-resized\"><img data-recalc-dims=\"1\" loading=\"lazy\" decoding=\"async\" width=\"1024\" height=\"768\" src=\"https:\/\/i0.wp.com\/psychologue-aunaysurodon.fr\/wp-content\/uploads\/2023\/06\/Brown-Pastel-Organic-Boho-Project-Scheme-Concept-Mind-Map-Graph.png?resize=1024%2C768&#038;ssl=1\" alt=\"\" class=\"wp-image-373\" style=\"width:423px;height:317px\" srcset=\"https:\/\/i0.wp.com\/psychologue-aunaysurodon.fr\/wp-content\/uploads\/2023\/06\/Brown-Pastel-Organic-Boho-Project-Scheme-Concept-Mind-Map-Graph.png?w=1024&amp;ssl=1 1024w, https:\/\/i0.wp.com\/psychologue-aunaysurodon.fr\/wp-content\/uploads\/2023\/06\/Brown-Pastel-Organic-Boho-Project-Scheme-Concept-Mind-Map-Graph.png?resize=300%2C225&amp;ssl=1 300w, https:\/\/i0.wp.com\/psychologue-aunaysurodon.fr\/wp-content\/uploads\/2023\/06\/Brown-Pastel-Organic-Boho-Project-Scheme-Concept-Mind-Map-Graph.png?resize=768%2C576&amp;ssl=1 768w\" sizes=\"auto, (max-width: 1024px) 100vw, 1024px\" \/><\/figure>\n<\/div><\/div>\n\n\n\n<div class=\"wp-block-column is-layout-flow wp-block-column-is-layout-flow\"><div class=\"wp-block-image\">\n<figure class=\"alignleft size-full is-resized\"><img data-recalc-dims=\"1\" loading=\"lazy\" decoding=\"async\" width=\"1024\" height=\"768\" src=\"https:\/\/i0.wp.com\/psychologue-aunaysurodon.fr\/wp-content\/uploads\/2023\/06\/Brown-Pastel-Organic-Boho-Project-Scheme-Concept-Mind-Map-Graph-1.png?resize=1024%2C768&#038;ssl=1\" alt=\"\" class=\"wp-image-374\" style=\"width:424px;height:318px\" srcset=\"https:\/\/i0.wp.com\/psychologue-aunaysurodon.fr\/wp-content\/uploads\/2023\/06\/Brown-Pastel-Organic-Boho-Project-Scheme-Concept-Mind-Map-Graph-1.png?w=1024&amp;ssl=1 1024w, https:\/\/i0.wp.com\/psychologue-aunaysurodon.fr\/wp-content\/uploads\/2023\/06\/Brown-Pastel-Organic-Boho-Project-Scheme-Concept-Mind-Map-Graph-1.png?resize=300%2C225&amp;ssl=1 300w, https:\/\/i0.wp.com\/psychologue-aunaysurodon.fr\/wp-content\/uploads\/2023\/06\/Brown-Pastel-Organic-Boho-Project-Scheme-Concept-Mind-Map-Graph-1.png?resize=768%2C576&amp;ssl=1 768w\" sizes=\"auto, (max-width: 1024px) 100vw, 1024px\" \/><\/figure>\n<\/div><\/div>\n<\/div>\n\n\n\n<p class=\"has-text-align-center\">Ces listes sont bien \u00e9videmment non exhaustives et&nbsp;<strong>toute demande de rencontre est l\u00e9gitime<\/strong>. Le mieux est d\u2019en discuter ensemble pour \u00e9changer des diff\u00e9rentes possibilit\u00e9s. N\u2019h\u00e9sitez pas \u00e0 me contacter par t\u00e9l\u00e9phone ou par mail.<\/p>\n\n\n\n<div style=\"height:42px\" aria-hidden=\"true\" class=\"wp-block-spacer\"><\/div>\n\n\n\n<div class=\"wp-block-buttons is-content-justification-center is-layout-flex wp-container-core-buttons-is-layout-16018d1d wp-block-buttons-is-layout-flex\"><\/div>\n\n\n\n<p><\/p>\n","protected":false},"excerpt":{"rendered":"<p>Avant tout sachez qu\u2019il n\u2019y a ni bonne ni mauvaise raison de venir rencontrer un.e psychologue. Tout un chacun peut avoir besoin, \u00e0 un moment ou un autre de sa vie, de venir \u00e9changer avec quelqu\u2019un de neutre sur sa situation de vie pr\u00e9sente, pass\u00e9e ou future. Cela permet d\u2019apporter une prise de recul via&hellip; <br \/> <a class=\"read-more\" href=\"https:\/\/psychologue-aunaysurodon.fr\/index.php\/pour-qui-pour-quoi\/\">Lire la suite<\/a><\/p>\n","protected":false},"author":1,"featured_media":370,"parent":0,"menu_order":0,"comment_status":"closed","ping_status":"closed","template":"","meta":{"jetpack_post_was_ever_published":false,"footnotes":""},"class_list":["post-369","page","type-page","status-publish","has-post-thumbnail","hentry"],"yoast_head":"<!-- This site is optimized with the Yoast SEO plugin v24.8.1 - https:\/\/yoast.com\/wordpress\/plugins\/seo\/ -->\n<title>Pour qui, pour quoi? - Psychologue<\/title>\n<meta name=\"description\" content=\"Tout un chacun peut avoir besoin, \u00e0 un moment ou un autre de sa vie, de venir \u00e9changer avec un psychologue sur sa situation de vie pr\u00e9sente, pass\u00e9e ou future.\" \/>\n<meta name=\"robots\" content=\"index, follow, max-snippet:-1, max-image-preview:large, max-video-preview:-1\" \/>\n<link rel=\"canonical\" href=\"https:\/\/psychologue-aunaysurodon.fr\/index.php\/pour-qui-pour-quoi\/\" \/>\n<meta property=\"og:locale\" content=\"fr_FR\" \/>\n<meta property=\"og:type\" content=\"article\" \/>\n<meta property=\"og:title\" content=\"Pour qui, pour quoi? - Psychologue\" \/>\n<meta property=\"og:description\" content=\"Tout un chacun peut avoir besoin, \u00e0 un moment ou un autre de sa vie, de venir \u00e9changer avec un psychologue sur sa situation de vie pr\u00e9sente, pass\u00e9e ou future.\" \/>\n<meta property=\"og:url\" content=\"https:\/\/psychologue-aunaysurodon.fr\/index.php\/pour-qui-pour-quoi\/\" \/>\n<meta property=\"og:site_name\" content=\"Psychologue\" \/>\n<meta property=\"article:modified_time\" content=\"2024-12-09T14:02:32+00:00\" \/>\n<meta property=\"og:image\" content=\"https:\/\/psychologue-aunaysurodon.fr\/wp-content\/uploads\/2023\/06\/therapy-7540959_1280-e1698063331186.jpg\" \/>\n\t<meta property=\"og:image:width\" content=\"1280\" \/>\n\t<meta property=\"og:image:height\" content=\"695\" \/>\n\t<meta property=\"og:image:type\" content=\"image\/jpeg\" \/>\n<meta name=\"twitter:card\" content=\"summary_large_image\" \/>\n<meta name=\"twitter:label1\" content=\"Dur\u00e9e de lecture estim\u00e9e\" \/>\n\t<meta name=\"twitter:data1\" content=\"2 minutes\" \/>\n<script type=\"application\/ld+json\" class=\"yoast-schema-graph\">{\"@context\":\"https:\/\/schema.org\",\"@graph\":[{\"@type\":\"WebPage\",\"@id\":\"https:\/\/psychologue-aunaysurodon.fr\/index.php\/pour-qui-pour-quoi\/\",\"url\":\"https:\/\/psychologue-aunaysurodon.fr\/index.php\/pour-qui-pour-quoi\/\",\"name\":\"Pour qui, pour quoi? - Psychologue\",\"isPartOf\":{\"@id\":\"https:\/\/psychologue-aunaysurodon.fr\/#website\"},\"primaryImageOfPage\":{\"@id\":\"https:\/\/psychologue-aunaysurodon.fr\/index.php\/pour-qui-pour-quoi\/#primaryimage\"},\"image\":{\"@id\":\"https:\/\/psychologue-aunaysurodon.fr\/index.php\/pour-qui-pour-quoi\/#primaryimage\"},\"thumbnailUrl\":\"https:\/\/i0.wp.com\/psychologue-aunaysurodon.fr\/wp-content\/uploads\/2023\/06\/therapy-7540959_1280-e1698063331186.jpg?fit=1280%2C695&ssl=1\",\"datePublished\":\"2023-06-26T13:10:16+00:00\",\"dateModified\":\"2024-12-09T14:02:32+00:00\",\"description\":\"Tout un chacun peut avoir besoin, \u00e0 un moment ou un autre de sa vie, de venir \u00e9changer avec un psychologue sur sa situation de vie pr\u00e9sente, pass\u00e9e ou future.\",\"breadcrumb\":{\"@id\":\"https:\/\/psychologue-aunaysurodon.fr\/index.php\/pour-qui-pour-quoi\/#breadcrumb\"},\"inLanguage\":\"fr-FR\",\"potentialAction\":[{\"@type\":\"ReadAction\",\"target\":[\"https:\/\/psychologue-aunaysurodon.fr\/index.php\/pour-qui-pour-quoi\/\"]}]},{\"@type\":\"ImageObject\",\"inLanguage\":\"fr-FR\",\"@id\":\"https:\/\/psychologue-aunaysurodon.fr\/index.php\/pour-qui-pour-quoi\/#primaryimage\",\"url\":\"https:\/\/i0.wp.com\/psychologue-aunaysurodon.fr\/wp-content\/uploads\/2023\/06\/therapy-7540959_1280-e1698063331186.jpg?fit=1280%2C695&ssl=1\",\"contentUrl\":\"https:\/\/i0.wp.com\/psychologue-aunaysurodon.fr\/wp-content\/uploads\/2023\/06\/therapy-7540959_1280-e1698063331186.jpg?fit=1280%2C695&ssl=1\",\"width\":1280,\"height\":695,\"caption\":\"psychologue th\u00e9rapie pourquoi consulter\"},{\"@type\":\"BreadcrumbList\",\"@id\":\"https:\/\/psychologue-aunaysurodon.fr\/index.php\/pour-qui-pour-quoi\/#breadcrumb\",\"itemListElement\":[{\"@type\":\"ListItem\",\"position\":1,\"name\":\"Bienvenue\",\"item\":\"https:\/\/psychologue-aunaysurodon.fr\/\"},{\"@type\":\"ListItem\",\"position\":2,\"name\":\"Pour qui, pour quoi?\"}]},{\"@type\":\"WebSite\",\"@id\":\"https:\/\/psychologue-aunaysurodon.fr\/#website\",\"url\":\"https:\/\/psychologue-aunaysurodon.fr\/\",\"name\":\"psychologue-aunaysurodon\",\"description\":\"Florine Lebourgeois\",\"publisher\":{\"@id\":\"https:\/\/psychologue-aunaysurodon.fr\/#\/schema\/person\/78129a4cc65e6e357c7725291b8258f8\"},\"potentialAction\":[{\"@type\":\"SearchAction\",\"target\":{\"@type\":\"EntryPoint\",\"urlTemplate\":\"https:\/\/psychologue-aunaysurodon.fr\/?s={search_term_string}\"},\"query-input\":{\"@type\":\"PropertyValueSpecification\",\"valueRequired\":true,\"valueName\":\"search_term_string\"}}],\"inLanguage\":\"fr-FR\"},{\"@type\":[\"Person\",\"Organization\"],\"@id\":\"https:\/\/psychologue-aunaysurodon.fr\/#\/schema\/person\/78129a4cc65e6e357c7725291b8258f8\",\"name\":\"Florine Lebourgeois\",\"image\":{\"@type\":\"ImageObject\",\"inLanguage\":\"fr-FR\",\"@id\":\"https:\/\/psychologue-aunaysurodon.fr\/#\/schema\/person\/image\/\",\"url\":\"https:\/\/secure.gravatar.com\/avatar\/aaf0b12a78f5a879314f0a28c4bc4fda9bc7b324de51645bda5dc44aaff9043b?s=96&d=mm&r=g\",\"contentUrl\":\"https:\/\/secure.gravatar.com\/avatar\/aaf0b12a78f5a879314f0a28c4bc4fda9bc7b324de51645bda5dc44aaff9043b?s=96&d=mm&r=g\",\"caption\":\"Florine Lebourgeois\"},\"logo\":{\"@id\":\"https:\/\/psychologue-aunaysurodon.fr\/#\/schema\/person\/image\/\"},\"sameAs\":[\"http:\/\/psychologue-aunaysurodon.fr\"]}]}<\/script>\n<!-- \/ Yoast SEO plugin. -->","yoast_head_json":{"title":"Pour qui, pour quoi? - Psychologue","description":"Tout un chacun peut avoir besoin, \u00e0 un moment ou un autre de sa vie, de venir \u00e9changer avec un psychologue sur sa situation de vie pr\u00e9sente, pass\u00e9e ou future.","robots":{"index":"index","follow":"follow","max-snippet":"max-snippet:-1","max-image-preview":"max-image-preview:large","max-video-preview":"max-video-preview:-1"},"canonical":"https:\/\/psychologue-aunaysurodon.fr\/index.php\/pour-qui-pour-quoi\/","og_locale":"fr_FR","og_type":"article","og_title":"Pour qui, pour quoi? - Psychologue","og_description":"Tout un chacun peut avoir besoin, \u00e0 un moment ou un autre de sa vie, de venir \u00e9changer avec un psychologue sur sa situation de vie pr\u00e9sente, pass\u00e9e ou future.","og_url":"https:\/\/psychologue-aunaysurodon.fr\/index.php\/pour-qui-pour-quoi\/","og_site_name":"Psychologue","article_modified_time":"2024-12-09T14:02:32+00:00","og_image":[{"width":1280,"height":695,"url":"https:\/\/psychologue-aunaysurodon.fr\/wp-content\/uploads\/2023\/06\/therapy-7540959_1280-e1698063331186.jpg","type":"image\/jpeg"}],"twitter_card":"summary_large_image","twitter_misc":{"Dur\u00e9e de lecture estim\u00e9e":"2 minutes"},"schema":{"@context":"https:\/\/schema.org","@graph":[{"@type":"WebPage","@id":"https:\/\/psychologue-aunaysurodon.fr\/index.php\/pour-qui-pour-quoi\/","url":"https:\/\/psychologue-aunaysurodon.fr\/index.php\/pour-qui-pour-quoi\/","name":"Pour qui, pour quoi? - Psychologue","isPartOf":{"@id":"https:\/\/psychologue-aunaysurodon.fr\/#website"},"primaryImageOfPage":{"@id":"https:\/\/psychologue-aunaysurodon.fr\/index.php\/pour-qui-pour-quoi\/#primaryimage"},"image":{"@id":"https:\/\/psychologue-aunaysurodon.fr\/index.php\/pour-qui-pour-quoi\/#primaryimage"},"thumbnailUrl":"https:\/\/i0.wp.com\/psychologue-aunaysurodon.fr\/wp-content\/uploads\/2023\/06\/therapy-7540959_1280-e1698063331186.jpg?fit=1280%2C695&ssl=1","datePublished":"2023-06-26T13:10:16+00:00","dateModified":"2024-12-09T14:02:32+00:00","description":"Tout un chacun peut avoir besoin, \u00e0 un moment ou un autre de sa vie, de venir \u00e9changer avec un psychologue sur sa situation de vie pr\u00e9sente, pass\u00e9e ou future.","breadcrumb":{"@id":"https:\/\/psychologue-aunaysurodon.fr\/index.php\/pour-qui-pour-quoi\/#breadcrumb"},"inLanguage":"fr-FR","potentialAction":[{"@type":"ReadAction","target":["https:\/\/psychologue-aunaysurodon.fr\/index.php\/pour-qui-pour-quoi\/"]}]},{"@type":"ImageObject","inLanguage":"fr-FR","@id":"https:\/\/psychologue-aunaysurodon.fr\/index.php\/pour-qui-pour-quoi\/#primaryimage","url":"https:\/\/i0.wp.com\/psychologue-aunaysurodon.fr\/wp-content\/uploads\/2023\/06\/therapy-7540959_1280-e1698063331186.jpg?fit=1280%2C695&ssl=1","contentUrl":"https:\/\/i0.wp.com\/psychologue-aunaysurodon.fr\/wp-content\/uploads\/2023\/06\/therapy-7540959_1280-e1698063331186.jpg?fit=1280%2C695&ssl=1","width":1280,"height":695,"caption":"psychologue th\u00e9rapie pourquoi consulter"},{"@type":"BreadcrumbList","@id":"https:\/\/psychologue-aunaysurodon.fr\/index.php\/pour-qui-pour-quoi\/#breadcrumb","itemListElement":[{"@type":"ListItem","position":1,"name":"Bienvenue","item":"https:\/\/psychologue-aunaysurodon.fr\/"},{"@type":"ListItem","position":2,"name":"Pour qui, pour quoi?"}]},{"@type":"WebSite","@id":"https:\/\/psychologue-aunaysurodon.fr\/#website","url":"https:\/\/psychologue-aunaysurodon.fr\/","name":"psychologue-aunaysurodon","description":"Florine Lebourgeois","publisher":{"@id":"https:\/\/psychologue-aunaysurodon.fr\/#\/schema\/person\/78129a4cc65e6e357c7725291b8258f8"},"potentialAction":[{"@type":"SearchAction","target":{"@type":"EntryPoint","urlTemplate":"https:\/\/psychologue-aunaysurodon.fr\/?s={search_term_string}"},"query-input":{"@type":"PropertyValueSpecification","valueRequired":true,"valueName":"search_term_string"}}],"inLanguage":"fr-FR"},{"@type":["Person","Organization"],"@id":"https:\/\/psychologue-aunaysurodon.fr\/#\/schema\/person\/78129a4cc65e6e357c7725291b8258f8","name":"Florine Lebourgeois","image":{"@type":"ImageObject","inLanguage":"fr-FR","@id":"https:\/\/psychologue-aunaysurodon.fr\/#\/schema\/person\/image\/","url":"https:\/\/secure.gravatar.com\/avatar\/aaf0b12a78f5a879314f0a28c4bc4fda9bc7b324de51645bda5dc44aaff9043b?s=96&d=mm&r=g","contentUrl":"https:\/\/secure.gravatar.com\/avatar\/aaf0b12a78f5a879314f0a28c4bc4fda9bc7b324de51645bda5dc44aaff9043b?s=96&d=mm&r=g","caption":"Florine Lebourgeois"},"logo":{"@id":"https:\/\/psychologue-aunaysurodon.fr\/#\/schema\/person\/image\/"},"sameAs":["http:\/\/psychologue-aunaysurodon.fr"]}]}},"jetpack_sharing_enabled":true,"_links":{"self":[{"href":"https:\/\/psychologue-aunaysurodon.fr\/index.php\/wp-json\/wp\/v2\/pages\/369","targetHints":{"allow":["GET"]}}],"collection":[{"href":"https:\/\/psychologue-aunaysurodon.fr\/index.php\/wp-json\/wp\/v2\/pages"}],"about":[{"href":"https:\/\/psychologue-aunaysurodon.fr\/index.php\/wp-json\/wp\/v2\/types\/page"}],"author":[{"embeddable":true,"href":"https:\/\/psychologue-aunaysurodon.fr\/index.php\/wp-json\/wp\/v2\/users\/1"}],"replies":[{"embeddable":true,"href":"https:\/\/psychologue-aunaysurodon.fr\/index.php\/wp-json\/wp\/v2\/comments?post=369"}],"version-history":[{"count":8,"href":"https:\/\/psychologue-aunaysurodon.fr\/index.php\/wp-json\/wp\/v2\/pages\/369\/revisions"}],"predecessor-version":[{"id":551,"href":"https:\/\/psychologue-aunaysurodon.fr\/index.php\/wp-json\/wp\/v2\/pages\/369\/revisions\/551"}],"wp:featuredmedia":[{"embeddable":true,"href":"https:\/\/psychologue-aunaysurodon.fr\/index.php\/wp-json\/wp\/v2\/media\/370"}],"wp:attachment":[{"href":"https:\/\/psychologue-aunaysurodon.fr\/index.php\/wp-json\/wp\/v2\/media?parent=369"}],"curies":[{"name":"wp","href":"https:\/\/api.w.org\/{rel}","templated":true}]}}