{"id":315,"date":"2023-06-14T15:59:26","date_gmt":"2023-06-14T13:59:26","guid":{"rendered":"https:\/\/psychologue-aunaysurodon.fr\/?page_id=315"},"modified":"2024-09-11T14:35:26","modified_gmt":"2024-09-11T12:35:26","slug":"presentation-psychologue","status":"publish","type":"page","link":"https:\/\/psychologue-aunaysurodon.fr\/index.php\/presentation-psychologue\/","title":{"rendered":"Pr\u00e9sentation"},"content":{"rendered":"\n<div class=\"wp-block-columns is-layout-flex wp-container-core-columns-is-layout-9d6595d7 wp-block-columns-is-layout-flex\">\n<div class=\"wp-block-column is-layout-flow wp-block-column-is-layout-flow\" style=\"flex-basis:100%\">\n<div class=\"wp-block-columns is-layout-flex wp-container-core-columns-is-layout-9d6595d7 wp-block-columns-is-layout-flex\">\n<div class=\"wp-block-column is-layout-flow wp-block-column-is-layout-flow\"><div class=\"wp-block-image is-style-rounded\">\n<figure class=\"aligncenter size-full is-resized\"><img data-recalc-dims=\"1\" loading=\"lazy\" decoding=\"async\" width=\"1920\" height=\"2560\" src=\"https:\/\/i0.wp.com\/psychologue-aunaysurodon.fr\/wp-content\/uploads\/2024\/09\/1699873713834-scaled.jpg?resize=1920%2C2560&#038;ssl=1\" alt=\"\" class=\"wp-image-536\" style=\"width:222px;height:263px\" srcset=\"https:\/\/i0.wp.com\/psychologue-aunaysurodon.fr\/wp-content\/uploads\/2024\/09\/1699873713834-scaled.jpg?w=1920&amp;ssl=1 1920w, https:\/\/i0.wp.com\/psychologue-aunaysurodon.fr\/wp-content\/uploads\/2024\/09\/1699873713834-scaled.jpg?resize=225%2C300&amp;ssl=1 225w, https:\/\/i0.wp.com\/psychologue-aunaysurodon.fr\/wp-content\/uploads\/2024\/09\/1699873713834-scaled.jpg?resize=768%2C1024&amp;ssl=1 768w, https:\/\/i0.wp.com\/psychologue-aunaysurodon.fr\/wp-content\/uploads\/2024\/09\/1699873713834-scaled.jpg?resize=1152%2C1536&amp;ssl=1 1152w, https:\/\/i0.wp.com\/psychologue-aunaysurodon.fr\/wp-content\/uploads\/2024\/09\/1699873713834-scaled.jpg?resize=1536%2C2048&amp;ssl=1 1536w, https:\/\/i0.wp.com\/psychologue-aunaysurodon.fr\/wp-content\/uploads\/2024\/09\/1699873713834-scaled.jpg?resize=1024%2C1365&amp;ssl=1 1024w, https:\/\/i0.wp.com\/psychologue-aunaysurodon.fr\/wp-content\/uploads\/2024\/09\/1699873713834-scaled.jpg?resize=810%2C1080&amp;ssl=1 810w\" sizes=\"auto, (max-width: 1920px) 100vw, 1920px\" \/><\/figure>\n<\/div><\/div>\n\n\n\n<div class=\"wp-block-column is-layout-flow wp-block-column-is-layout-flow\">\n<div style=\"height:61px\" aria-hidden=\"true\" class=\"wp-block-spacer\"><\/div>\n\n\n\n<p>Voici une pr\u00e9sentation rapide de mon parcours professionnel et de ma fa\u00e7on de concevoir mon travail en temps que psychologue aupr\u00e8s d&rsquo;enfants, d&rsquo;adolescents et d&rsquo;adultes.<\/p>\n\n\n\n<p class=\"has-vivid-cyan-blue-color has-text-color\">Pour des exemples de demandes de consultations, <strong><a href=\"https:\/\/psychologue-aunaysurodon.fr\/index.php\/pour-qui-pour-quoi\/\">cliquez ici<\/a><\/strong>. <\/p>\n<\/div>\n<\/div>\n<\/div>\n<\/div>\n\n\n\n<div style=\"height:59px\" aria-hidden=\"true\" class=\"wp-block-spacer\"><\/div>\n\n\n\n<p>Dipl\u00f4m\u00e9e depuis juillet 2015, j\u2019ai choisi d\u2019orienter la fin de ma formation sur le <strong>d\u00e9veloppement des enfants et adolescents<\/strong>. Suite \u00e0 cela j\u2019ai travaill\u00e9 dans diff\u00e9rentes structures d\u00e9di\u00e9es aux enfants porteurs de handicaps ou relevant des dispositifs de protection de l\u2019enfance. J\u2019ai \u00e9galement exerc\u00e9 en tant que conseill\u00e8re d\u2019orientation au sein de coll\u00e8ges, lyc\u00e9es et lyc\u00e9es professionnels.<\/p>\n\n\n\n<p>Cette premi\u00e8re partie de carri\u00e8re m&rsquo;a permis de travailler en <strong>collaboration \u00e9troite avec leurs familles<\/strong> et les diff\u00e9rents acteurs qui gravitent autour d\u2019elles (\u00e9coles, orthophonistes, psychomotricien.nes\u2026). Les rencontres, les \u00e9changes et les diff\u00e9rentes phases d&rsquo;\u00e9laboration et de r\u00e9flexion avec les parents et les accompagnants m&rsquo;ont permis de<strong> d\u00e9velopper mes comp\u00e9tences aupr\u00e8s des adultes<\/strong>. C\u2019est ainsi que le travail th\u00e9rapeutique aupr\u00e8s d\u2019adultes s\u2019est impos\u00e9 \u00e0 moi comme une \u00e9vidence. J&rsquo;ai bien-s\u00fbr continu\u00e9 &#8211; et je continue encore &#8211; \u00e0 <strong>me former<\/strong> pour accompagner au mieux les personnes qui viennent me rencontrer. De plus, je n&rsquo;h\u00e9site pas \u00e0 r\u00e9orienter vers des coll\u00e8gues (psychologue ou autre) sp\u00e9cialis\u00e9s ou form\u00e9s \u00e0 d&rsquo;autres pratiques si j&rsquo;estime que ma fa\u00e7on de pratiquer ne correspond pas \u00e0 la personne en face de moi, toujours avec son accord et apr\u00e8s \u00e9change et explication de ma d\u00e9marche. <\/p>\n\n\n\n<p>Je travaille \u00e9galement avec plusieurs cr\u00e8ches du Calvados. Les missions d&rsquo;un <strong>psychologue en cr\u00e8che<\/strong> consistent en l\u2019observation pr\u00e9ventive des enfants, des temps d\u2019\u00e9changes et de r\u00e9gulation aupr\u00e8s des \u00e9quipes ainsi que des rencontres avec les parents dans le cadre d\u2019un soutien \u00e0 la parentalit\u00e9 notamment.<\/p>\n\n\n\n<p>Les diff\u00e9rentes exp\u00e9riences que j&rsquo;ai v\u00e9cues durant mes \u00e9tudes et depuis le d\u00e9but de ma pratique, me permettent de dire aujourd&rsquo;hui que je propose des consultations de <strong>psychologie int\u00e9grative<\/strong>. C&rsquo;est-\u00e0-dire que je n&rsquo;h\u00e9site pas \u00e0 aller piocher dans diverses approches th\u00e9rapeutiques pour \u00e9laborer ma r\u00e9flexion. De plus, je me forme r\u00e9guli\u00e8rement \u00e0 <strong>diff\u00e9rentes techniques psychoth\u00e9rapeutiques<\/strong> en fonction des demandes que je re\u00e7ois. <\/p>\n","protected":false},"excerpt":{"rendered":"<p>Voici une pr\u00e9sentation rapide de mon parcours professionnel et de ma fa\u00e7on de concevoir mon travail en temps que psychologue aupr\u00e8s d&rsquo;enfants, d&rsquo;adolescents et d&rsquo;adultes. Pour des exemples de demandes de consultations, cliquez ici. Dipl\u00f4m\u00e9e depuis juillet 2015, j\u2019ai choisi d\u2019orienter la fin de ma formation sur le d\u00e9veloppement des enfants et adolescents. Suite \u00e0&hellip; <br \/> <a class=\"read-more\" href=\"https:\/\/psychologue-aunaysurodon.fr\/index.php\/presentation-psychologue\/\">Lire la suite<\/a><\/p>\n","protected":false},"author":1,"featured_media":0,"parent":0,"menu_order":0,"comment_status":"closed","ping_status":"closed","template":"","meta":{"jetpack_post_was_ever_published":false,"footnotes":""},"class_list":["post-315","page","type-page","status-publish","hentry"],"yoast_head":"<!-- This site is optimized with the Yoast SEO plugin v24.8.1 - https:\/\/yoast.com\/wordpress\/plugins\/seo\/ -->\n<title>Pr\u00e9sentation - Psychologue<\/title>\n<meta name=\"description\" content=\"Pr\u00e9sentation de mon travail de psychologue aupr\u00e8s d&#039;enfants, d&#039;adolescents et d&#039;adultes. D\u00e9couvrez mon parcours et ma pratique.\" \/>\n<meta name=\"robots\" content=\"index, follow, max-snippet:-1, max-image-preview:large, max-video-preview:-1\" \/>\n<link rel=\"canonical\" href=\"https:\/\/psychologue-aunaysurodon.fr\/index.php\/presentation-psychologue\/\" \/>\n<meta property=\"og:locale\" content=\"fr_FR\" \/>\n<meta property=\"og:type\" content=\"article\" \/>\n<meta property=\"og:title\" content=\"Pr\u00e9sentation - Psychologue\" \/>\n<meta property=\"og:description\" content=\"Pr\u00e9sentation de mon travail de psychologue aupr\u00e8s d&#039;enfants, d&#039;adolescents et d&#039;adultes. D\u00e9couvrez mon parcours et ma pratique.\" \/>\n<meta property=\"og:url\" content=\"https:\/\/psychologue-aunaysurodon.fr\/index.php\/presentation-psychologue\/\" \/>\n<meta property=\"og:site_name\" content=\"Psychologue\" \/>\n<meta property=\"article:modified_time\" content=\"2024-09-11T12:35:26+00:00\" \/>\n<meta property=\"og:image\" content=\"https:\/\/psychologue-aunaysurodon.fr\/wp-content\/uploads\/2024\/09\/1699873713834-scaled.jpg\" \/>\n<meta name=\"twitter:card\" content=\"summary_large_image\" \/>\n<meta name=\"twitter:label1\" content=\"Dur\u00e9e de lecture estim\u00e9e\" \/>\n\t<meta name=\"twitter:data1\" content=\"2 minutes\" \/>\n<script type=\"application\/ld+json\" class=\"yoast-schema-graph\">{\"@context\":\"https:\/\/schema.org\",\"@graph\":[{\"@type\":\"WebPage\",\"@id\":\"https:\/\/psychologue-aunaysurodon.fr\/index.php\/presentation-psychologue\/\",\"url\":\"https:\/\/psychologue-aunaysurodon.fr\/index.php\/presentation-psychologue\/\",\"name\":\"Pr\u00e9sentation - Psychologue\",\"isPartOf\":{\"@id\":\"https:\/\/psychologue-aunaysurodon.fr\/#website\"},\"primaryImageOfPage\":{\"@id\":\"https:\/\/psychologue-aunaysurodon.fr\/index.php\/presentation-psychologue\/#primaryimage\"},\"image\":{\"@id\":\"https:\/\/psychologue-aunaysurodon.fr\/index.php\/presentation-psychologue\/#primaryimage\"},\"thumbnailUrl\":\"https:\/\/psychologue-aunaysurodon.fr\/wp-content\/uploads\/2024\/09\/1699873713834-scaled.jpg\",\"datePublished\":\"2023-06-14T13:59:26+00:00\",\"dateModified\":\"2024-09-11T12:35:26+00:00\",\"description\":\"Pr\u00e9sentation de mon travail de psychologue aupr\u00e8s d'enfants, d'adolescents et d'adultes. D\u00e9couvrez mon parcours et ma pratique.\",\"breadcrumb\":{\"@id\":\"https:\/\/psychologue-aunaysurodon.fr\/index.php\/presentation-psychologue\/#breadcrumb\"},\"inLanguage\":\"fr-FR\",\"potentialAction\":[{\"@type\":\"ReadAction\",\"target\":[\"https:\/\/psychologue-aunaysurodon.fr\/index.php\/presentation-psychologue\/\"]}]},{\"@type\":\"ImageObject\",\"inLanguage\":\"fr-FR\",\"@id\":\"https:\/\/psychologue-aunaysurodon.fr\/index.php\/presentation-psychologue\/#primaryimage\",\"url\":\"https:\/\/i0.wp.com\/psychologue-aunaysurodon.fr\/wp-content\/uploads\/2024\/09\/1699873713834-scaled.jpg?fit=1920%2C2560&ssl=1\",\"contentUrl\":\"https:\/\/i0.wp.com\/psychologue-aunaysurodon.fr\/wp-content\/uploads\/2024\/09\/1699873713834-scaled.jpg?fit=1920%2C2560&ssl=1\",\"width\":1920,\"height\":2560},{\"@type\":\"BreadcrumbList\",\"@id\":\"https:\/\/psychologue-aunaysurodon.fr\/index.php\/presentation-psychologue\/#breadcrumb\",\"itemListElement\":[{\"@type\":\"ListItem\",\"position\":1,\"name\":\"Bienvenue\",\"item\":\"https:\/\/psychologue-aunaysurodon.fr\/\"},{\"@type\":\"ListItem\",\"position\":2,\"name\":\"Pr\u00e9sentation\"}]},{\"@type\":\"WebSite\",\"@id\":\"https:\/\/psychologue-aunaysurodon.fr\/#website\",\"url\":\"https:\/\/psychologue-aunaysurodon.fr\/\",\"name\":\"psychologue-aunaysurodon\",\"description\":\"Florine Lebourgeois\",\"publisher\":{\"@id\":\"https:\/\/psychologue-aunaysurodon.fr\/#\/schema\/person\/78129a4cc65e6e357c7725291b8258f8\"},\"potentialAction\":[{\"@type\":\"SearchAction\",\"target\":{\"@type\":\"EntryPoint\",\"urlTemplate\":\"https:\/\/psychologue-aunaysurodon.fr\/?s={search_term_string}\"},\"query-input\":{\"@type\":\"PropertyValueSpecification\",\"valueRequired\":true,\"valueName\":\"search_term_string\"}}],\"inLanguage\":\"fr-FR\"},{\"@type\":[\"Person\",\"Organization\"],\"@id\":\"https:\/\/psychologue-aunaysurodon.fr\/#\/schema\/person\/78129a4cc65e6e357c7725291b8258f8\",\"name\":\"Florine Lebourgeois\",\"image\":{\"@type\":\"ImageObject\",\"inLanguage\":\"fr-FR\",\"@id\":\"https:\/\/psychologue-aunaysurodon.fr\/#\/schema\/person\/image\/\",\"url\":\"https:\/\/secure.gravatar.com\/avatar\/aaf0b12a78f5a879314f0a28c4bc4fda9bc7b324de51645bda5dc44aaff9043b?s=96&d=mm&r=g\",\"contentUrl\":\"https:\/\/secure.gravatar.com\/avatar\/aaf0b12a78f5a879314f0a28c4bc4fda9bc7b324de51645bda5dc44aaff9043b?s=96&d=mm&r=g\",\"caption\":\"Florine Lebourgeois\"},\"logo\":{\"@id\":\"https:\/\/psychologue-aunaysurodon.fr\/#\/schema\/person\/image\/\"},\"sameAs\":[\"http:\/\/psychologue-aunaysurodon.fr\"]}]}<\/script>\n<!-- \/ Yoast SEO plugin. -->","yoast_head_json":{"title":"Pr\u00e9sentation - Psychologue","description":"Pr\u00e9sentation de mon travail de psychologue aupr\u00e8s d'enfants, d'adolescents et d'adultes. D\u00e9couvrez mon parcours et ma pratique.","robots":{"index":"index","follow":"follow","max-snippet":"max-snippet:-1","max-image-preview":"max-image-preview:large","max-video-preview":"max-video-preview:-1"},"canonical":"https:\/\/psychologue-aunaysurodon.fr\/index.php\/presentation-psychologue\/","og_locale":"fr_FR","og_type":"article","og_title":"Pr\u00e9sentation - Psychologue","og_description":"Pr\u00e9sentation de mon travail de psychologue aupr\u00e8s d'enfants, d'adolescents et d'adultes. D\u00e9couvrez mon parcours et ma pratique.","og_url":"https:\/\/psychologue-aunaysurodon.fr\/index.php\/presentation-psychologue\/","og_site_name":"Psychologue","article_modified_time":"2024-09-11T12:35:26+00:00","og_image":[{"url":"https:\/\/psychologue-aunaysurodon.fr\/wp-content\/uploads\/2024\/09\/1699873713834-scaled.jpg","type":"","width":"","height":""}],"twitter_card":"summary_large_image","twitter_misc":{"Dur\u00e9e de lecture estim\u00e9e":"2 minutes"},"schema":{"@context":"https:\/\/schema.org","@graph":[{"@type":"WebPage","@id":"https:\/\/psychologue-aunaysurodon.fr\/index.php\/presentation-psychologue\/","url":"https:\/\/psychologue-aunaysurodon.fr\/index.php\/presentation-psychologue\/","name":"Pr\u00e9sentation - Psychologue","isPartOf":{"@id":"https:\/\/psychologue-aunaysurodon.fr\/#website"},"primaryImageOfPage":{"@id":"https:\/\/psychologue-aunaysurodon.fr\/index.php\/presentation-psychologue\/#primaryimage"},"image":{"@id":"https:\/\/psychologue-aunaysurodon.fr\/index.php\/presentation-psychologue\/#primaryimage"},"thumbnailUrl":"https:\/\/psychologue-aunaysurodon.fr\/wp-content\/uploads\/2024\/09\/1699873713834-scaled.jpg","datePublished":"2023-06-14T13:59:26+00:00","dateModified":"2024-09-11T12:35:26+00:00","description":"Pr\u00e9sentation de mon travail de psychologue aupr\u00e8s d'enfants, d'adolescents et d'adultes. D\u00e9couvrez mon parcours et ma pratique.","breadcrumb":{"@id":"https:\/\/psychologue-aunaysurodon.fr\/index.php\/presentation-psychologue\/#breadcrumb"},"inLanguage":"fr-FR","potentialAction":[{"@type":"ReadAction","target":["https:\/\/psychologue-aunaysurodon.fr\/index.php\/presentation-psychologue\/"]}]},{"@type":"ImageObject","inLanguage":"fr-FR","@id":"https:\/\/psychologue-aunaysurodon.fr\/index.php\/presentation-psychologue\/#primaryimage","url":"https:\/\/i0.wp.com\/psychologue-aunaysurodon.fr\/wp-content\/uploads\/2024\/09\/1699873713834-scaled.jpg?fit=1920%2C2560&ssl=1","contentUrl":"https:\/\/i0.wp.com\/psychologue-aunaysurodon.fr\/wp-content\/uploads\/2024\/09\/1699873713834-scaled.jpg?fit=1920%2C2560&ssl=1","width":1920,"height":2560},{"@type":"BreadcrumbList","@id":"https:\/\/psychologue-aunaysurodon.fr\/index.php\/presentation-psychologue\/#breadcrumb","itemListElement":[{"@type":"ListItem","position":1,"name":"Bienvenue","item":"https:\/\/psychologue-aunaysurodon.fr\/"},{"@type":"ListItem","position":2,"name":"Pr\u00e9sentation"}]},{"@type":"WebSite","@id":"https:\/\/psychologue-aunaysurodon.fr\/#website","url":"https:\/\/psychologue-aunaysurodon.fr\/","name":"psychologue-aunaysurodon","description":"Florine Lebourgeois","publisher":{"@id":"https:\/\/psychologue-aunaysurodon.fr\/#\/schema\/person\/78129a4cc65e6e357c7725291b8258f8"},"potentialAction":[{"@type":"SearchAction","target":{"@type":"EntryPoint","urlTemplate":"https:\/\/psychologue-aunaysurodon.fr\/?s={search_term_string}"},"query-input":{"@type":"PropertyValueSpecification","valueRequired":true,"valueName":"search_term_string"}}],"inLanguage":"fr-FR"},{"@type":["Person","Organization"],"@id":"https:\/\/psychologue-aunaysurodon.fr\/#\/schema\/person\/78129a4cc65e6e357c7725291b8258f8","name":"Florine Lebourgeois","image":{"@type":"ImageObject","inLanguage":"fr-FR","@id":"https:\/\/psychologue-aunaysurodon.fr\/#\/schema\/person\/image\/","url":"https:\/\/secure.gravatar.com\/avatar\/aaf0b12a78f5a879314f0a28c4bc4fda9bc7b324de51645bda5dc44aaff9043b?s=96&d=mm&r=g","contentUrl":"https:\/\/secure.gravatar.com\/avatar\/aaf0b12a78f5a879314f0a28c4bc4fda9bc7b324de51645bda5dc44aaff9043b?s=96&d=mm&r=g","caption":"Florine Lebourgeois"},"logo":{"@id":"https:\/\/psychologue-aunaysurodon.fr\/#\/schema\/person\/image\/"},"sameAs":["http:\/\/psychologue-aunaysurodon.fr"]}]}},"jetpack_sharing_enabled":true,"_links":{"self":[{"href":"https:\/\/psychologue-aunaysurodon.fr\/index.php\/wp-json\/wp\/v2\/pages\/315","targetHints":{"allow":["GET"]}}],"collection":[{"href":"https:\/\/psychologue-aunaysurodon.fr\/index.php\/wp-json\/wp\/v2\/pages"}],"about":[{"href":"https:\/\/psychologue-aunaysurodon.fr\/index.php\/wp-json\/wp\/v2\/types\/page"}],"author":[{"embeddable":true,"href":"https:\/\/psychologue-aunaysurodon.fr\/index.php\/wp-json\/wp\/v2\/users\/1"}],"replies":[{"embeddable":true,"href":"https:\/\/psychologue-aunaysurodon.fr\/index.php\/wp-json\/wp\/v2\/comments?post=315"}],"version-history":[{"count":10,"href":"https:\/\/psychologue-aunaysurodon.fr\/index.php\/wp-json\/wp\/v2\/pages\/315\/revisions"}],"predecessor-version":[{"id":537,"href":"https:\/\/psychologue-aunaysurodon.fr\/index.php\/wp-json\/wp\/v2\/pages\/315\/revisions\/537"}],"wp:attachment":[{"href":"https:\/\/psychologue-aunaysurodon.fr\/index.php\/wp-json\/wp\/v2\/media?parent=315"}],"curies":[{"name":"wp","href":"https:\/\/api.w.org\/{rel}","templated":true}]}}